{"id":3903,"date":"2014-02-10T18:33:42","date_gmt":"2014-02-10T16:33:42","guid":{"rendered":"https:\/\/fillariavaruus.fi\/?page_id=3903"},"modified":"2021-02-20T22:32:58","modified_gmt":"2021-02-20T20:32:58","slug":"omat-kulkuneuvot","status":"publish","type":"page","link":"https:\/\/fillariavaruus.fi\/?page_id=3903","title":{"rendered":"Omat kulkuneuvot"},"content":{"rendered":"<section class=\"emgoptions easymedia_center emgclearfix isofilcont-ysjhrw\"><ul class=\"portfolio-tabs emgoption-set emgclearfix\" data-option-key=\"filter\"><li data-option-value=\"*\"  class=\"emg-default-grey \" id=\"emgshowall\">Show All<\/li><li data-option-value=\".fltr3373\" class=\"emg-default-grey selected\">Vuokarapy\u00f6r\u00e4t<\/li><li data-option-value=\".fltr3379\" class=\"emg-default-grey \">Omat retkipy\u00f6r\u00e4t<\/li><\/ul><\/section><div id=\"isloaderfor-ysjhrw\" class=\"emgajxloader\"><\/div><div style=\"display: none;\" class=\"pagwrap-ysjhrw epgwrp\" ><div class=\"easycontainer-ysjhrw easymedia_center lightboxysjhrw emgclearfix emgpad\"><div style=\"width:180px; height:180px;\" class=\"easyitem hoverone view da-thumbs preloaderview fltr3373\"><div class=\"iehand\"><a onclick=\"easyActiveStyleSheet('Light');return true;\" class=\"3373-3363 nofoobox\" rel=\"easymedia[showall]\" href=\"https:\/\/fillariavaruus.fi\/wp-content\/uploads\/2013\/12\/11092009wien.jpg\"><img decoding=\"async\" src=\"https:\/\/fillariavaruus.fi\/wp-content\/plugins\/easy-media-gallery-pro\/includes\/images\/trans.png\" class=\"emglazy\" data-original=\"https:\/\/fillariavaruus.fi\/wp-content\/plugins\/easy-media-gallery-pro\/includes\/class\/timthumb.php?src=https:\/\/fillariavaruus.fi\/wp-content\/uploads\/2013\/12\/11092009wien.jpg&h=180&w=180&zc=1&q=100&a=c\" alt=\"11092009wien\" title=\"11092009wien\"\/><article class=\"da-animate da-slideFromRight\"><p class=\"emgfittext\">Tauko Tonavan py\u00f6r\u00e4matkailureitill\u00e4<\/p><div class=\"forspan\"><span class=\"zoom\"><\/span><\/div><\/article><\/a><\/div><\/div><div style=\"width:180px; height:180px;\" class=\"easyitem hoverone view da-thumbs preloaderview fltr3373\"><div class=\"iehand\"><a onclick=\"easyActiveStyleSheet('Light');return true;\" class=\"3373-3362 nofoobox\" rel=\"easymedia[showall]\" href=\"https:\/\/fillariavaruus.fi\/wp-content\/uploads\/2013\/12\/17032009mallorca.jpg\"><img decoding=\"async\" src=\"https:\/\/fillariavaruus.fi\/wp-content\/plugins\/easy-media-gallery-pro\/includes\/images\/trans.png\" class=\"emglazy\" data-original=\"https:\/\/fillariavaruus.fi\/wp-content\/plugins\/easy-media-gallery-pro\/includes\/class\/timthumb.php?src=https:\/\/fillariavaruus.fi\/wp-content\/uploads\/2013\/12\/17032009mallorca.jpg&h=180&w=180&zc=1&q=100&a=c\" alt=\"17032009mallorca\" title=\"17032009mallorca\"\/><article class=\"da-animate da-slideFromRight\"><p class=\"emgfittext\">Vuokrapy\u00f6r\u00e4\u00e4 s\u00e4\u00e4det\u00e4\u00e4n Mallorcalla<\/p><div class=\"forspan\"><span class=\"zoom\"><\/span><\/div><\/article><\/a><\/div><\/div><div style=\"width:180px; height:180px;\" class=\"easyitem hoverone view da-thumbs preloaderview fltr3373\"><div class=\"iehand\"><a onclick=\"easyActiveStyleSheet('Light');return true;\" class=\"3373-3360 nofoobox\" rel=\"easymedia[showall]\" href=\"https:\/\/fillariavaruus.fi\/wp-content\/uploads\/2013\/12\/21042011albufeira.jpg\"><img decoding=\"async\" src=\"https:\/\/fillariavaruus.fi\/wp-content\/plugins\/easy-media-gallery-pro\/includes\/images\/trans.png\" class=\"emglazy\" data-original=\"https:\/\/fillariavaruus.fi\/wp-content\/plugins\/easy-media-gallery-pro\/includes\/class\/timthumb.php?src=https:\/\/fillariavaruus.fi\/wp-content\/uploads\/2013\/12\/21042011albufeira.jpg&h=180&w=180&zc=1&q=100&a=c\" alt=\"21042011albufeira\" title=\"21042011albufeira\"\/><article class=\"da-animate da-slideFromRight\"><p class=\"emgfittext\">Albufeiran kulkupeli<\/p><div class=\"forspan\"><span class=\"zoom\"><\/span><\/div><\/article><\/a><\/div><\/div><div style=\"width:180px; height:180px;\" class=\"easyitem hoverone view da-thumbs preloaderview fltr3373\"><div class=\"iehand\"><a onclick=\"easyActiveStyleSheet('Light');return true;\" class=\"3373-3372 nofoobox\" rel=\"easymedia[showall]\" href=\"https:\/\/fillariavaruus.fi\/wp-content\/uploads\/2013\/12\/img_9016.jpg\"><img decoding=\"async\" src=\"https:\/\/fillariavaruus.fi\/wp-content\/plugins\/easy-media-gallery-pro\/includes\/images\/trans.png\" class=\"emglazy\" data-original=\"https:\/\/fillariavaruus.fi\/wp-content\/plugins\/easy-media-gallery-pro\/includes\/class\/timthumb.php?src=https:\/\/fillariavaruus.fi\/wp-content\/uploads\/2013\/12\/img_9016.jpg&h=180&w=180&zc=1&q=100&a=c\" alt=\"Img_9016\" title=\"Img_9016\"\/><article class=\"da-animate da-slideFromRight\"><p class=\"emgfittext\">Vuokrapy\u00f6r\u00e4 Budapestin kev\u00e4\u00e4ss\u00e4<\/p><div class=\"forspan\"><span class=\"zoom\"><\/span><\/div><\/article><\/a><\/div><\/div><div style=\"width:180px; height:180px;\" class=\"easyitem hoverone view da-thumbs preloaderview fltr3373\"><div class=\"iehand\"><a onclick=\"easyActiveStyleSheet('Light');return true;\" class=\"3373-3371 nofoobox\" rel=\"easymedia[showall]\" href=\"https:\/\/fillariavaruus.fi\/wp-content\/uploads\/2013\/12\/img_1831.jpg\"><img decoding=\"async\" src=\"https:\/\/fillariavaruus.fi\/wp-content\/plugins\/easy-media-gallery-pro\/includes\/images\/trans.png\" class=\"emglazy\" data-original=\"https:\/\/fillariavaruus.fi\/wp-content\/plugins\/easy-media-gallery-pro\/includes\/class\/timthumb.php?src=https:\/\/fillariavaruus.fi\/wp-content\/uploads\/2013\/12\/img_1831.jpg&h=180&w=180&zc=1&q=100&a=c\" alt=\"Img_1831\" title=\"Img_1831\"\/><article class=\"da-animate da-slideFromRight\"><p class=\"emgfittext\">Fokus vuokrapy\u00f6r\u00e4 Mallorcalla 2013<\/p><div class=\"forspan\"><span class=\"zoom\"><\/span><\/div><\/article><\/a><\/div><\/div><div style=\"width:180px; height:180px;\" class=\"easyitem hoverone view da-thumbs preloaderview fltr3373\"><div class=\"iehand\"><a onclick=\"easyActiveStyleSheet('Light');return true;\" class=\"3373-3369 nofoobox\" rel=\"easymedia[showall]\" href=\"https:\/\/fillariavaruus.fi\/wp-content\/uploads\/2013\/12\/img_0713.jpg\"><img decoding=\"async\" src=\"https:\/\/fillariavaruus.fi\/wp-content\/plugins\/easy-media-gallery-pro\/includes\/images\/trans.png\" class=\"emglazy\" data-original=\"https:\/\/fillariavaruus.fi\/wp-content\/plugins\/easy-media-gallery-pro\/includes\/class\/timthumb.php?src=https:\/\/fillariavaruus.fi\/wp-content\/uploads\/2013\/12\/img_0713.jpg&h=180&w=180&zc=1&q=100&a=c\" alt=\"Img_0713\" title=\"Img_0713\"\/><article class=\"da-animate da-slideFromRight\"><p class=\"emgfittext\">Iltap\u00e4iv\u00e4 Sein\u00e4joella<\/p><div class=\"forspan\"><span class=\"zoom\"><\/span><\/div><\/article><\/a><\/div><\/div><div style=\"width:180px; height:180px;\" class=\"easyitem hoverone view da-thumbs preloaderview fltr3373\"><div class=\"iehand\"><a onclick=\"easyActiveStyleSheet('Light');return true;\" class=\"3373-3368 nofoobox\" rel=\"easymedia[showall]\" href=\"https:\/\/fillariavaruus.fi\/wp-content\/uploads\/2013\/12\/haarlem2006.jpg\"><img decoding=\"async\" src=\"https:\/\/fillariavaruus.fi\/wp-content\/plugins\/easy-media-gallery-pro\/includes\/images\/trans.png\" class=\"emglazy\" data-original=\"https:\/\/fillariavaruus.fi\/wp-content\/plugins\/easy-media-gallery-pro\/includes\/class\/timthumb.php?src=https:\/\/fillariavaruus.fi\/wp-content\/uploads\/2013\/12\/haarlem2006.jpg&h=180&w=180&zc=1&q=100&a=c\" alt=\"Haarlem2006\" title=\"Haarlem2006\"\/><article class=\"da-animate da-slideFromRight\"><p class=\"emgfittext\">Haarlem 2006 Hollannissa<\/p><div class=\"forspan\"><span class=\"zoom\"><\/span><\/div><\/article><\/a><\/div><\/div><div style=\"width:180px; height:180px;\" class=\"easyitem hoverone view da-thumbs preloaderview fltr3373\"><div class=\"iehand\"><a onclick=\"easyActiveStyleSheet('Light');return true;\" class=\"3373-3367 nofoobox\" rel=\"easymedia[showall]\" href=\"https:\/\/fillariavaruus.fi\/wp-content\/uploads\/2013\/12\/26032011sevilla.jpg\"><img decoding=\"async\" src=\"https:\/\/fillariavaruus.fi\/wp-content\/plugins\/easy-media-gallery-pro\/includes\/images\/trans.png\" class=\"emglazy\" data-original=\"https:\/\/fillariavaruus.fi\/wp-content\/plugins\/easy-media-gallery-pro\/includes\/class\/timthumb.php?src=https:\/\/fillariavaruus.fi\/wp-content\/uploads\/2013\/12\/26032011sevilla.jpg&h=180&w=180&zc=1&q=100&a=c\" alt=\"26032011sevilla\" title=\"26032011sevilla\"\/><article class=\"da-animate da-slideFromRight\"><p class=\"emgfittext\">Taittopy\u00f6r\u00e4 Sevillassa Espanjassa 2011<\/p><div class=\"forspan\"><span class=\"zoom\"><\/span><\/div><\/article><\/a><\/div><\/div><div style=\"width:180px; height:180px;\" class=\"easyitem hoverone view da-thumbs preloaderview fltr3373\"><div class=\"iehand\"><a onclick=\"easyActiveStyleSheet('Light');return true;\" class=\"3373-3365 nofoobox\" rel=\"easymedia[showall]\" href=\"https:\/\/fillariavaruus.fi\/wp-content\/uploads\/2013\/12\/04072006amsterdam.jpg\"><img decoding=\"async\" src=\"https:\/\/fillariavaruus.fi\/wp-content\/plugins\/easy-media-gallery-pro\/includes\/images\/trans.png\" class=\"emglazy\" data-original=\"https:\/\/fillariavaruus.fi\/wp-content\/plugins\/easy-media-gallery-pro\/includes\/class\/timthumb.php?src=https:\/\/fillariavaruus.fi\/wp-content\/uploads\/2013\/12\/04072006amsterdam.jpg&h=180&w=180&zc=1&q=100&a=c\" alt=\"04072006amsterdam\" title=\"04072006amsterdam\"\/><article class=\"da-animate da-slideFromRight\"><p class=\"emgfittext\">Amsterdam 2006<\/p><div class=\"forspan\"><span class=\"zoom\"><\/span><\/div><\/article><\/a><\/div><\/div><div style=\"width:180px; height:180px;\" class=\"easyitem hoverone view da-thumbs preloaderview fltr3373\"><div class=\"iehand\"><a onclick=\"easyActiveStyleSheet('Light');return true;\" class=\"3373-4156 nofoobox\" rel=\"easymedia[showall]\" href=\"https:\/\/fillariavaruus.fi\/wp-content\/plugins\/easy-media-gallery-pro\/includes\/class\/timthumb.php?src=https:\/\/fillariavaruus.fi\/wp-content\/uploads\/2014\/07\/IMG_8925-scaled.jpg&h=705&w=940&zc=1&q=100&a=c\"><img decoding=\"async\" src=\"https:\/\/fillariavaruus.fi\/wp-content\/plugins\/easy-media-gallery-pro\/includes\/images\/trans.png\" class=\"emglazy\" data-original=\"https:\/\/fillariavaruus.fi\/wp-content\/plugins\/easy-media-gallery-pro\/includes\/class\/timthumb.php?src=https:\/\/fillariavaruus.fi\/wp-content\/uploads\/2014\/07\/IMG_8925-scaled.jpg&h=180&w=180&zc=1&q=100&a=c\" alt=\"IMG_8925 Scaled\" title=\"IMG_8925 Scaled\"\/><article class=\"da-animate da-slideFromRight\"><p class=\"emgfittext\">Pariisin fillari<\/p><div class=\"forspan\"><span class=\"zoom\"><\/span><\/div><\/article><\/a><\/div><\/div><div style=\"width:180px; height:180px;\" class=\"easyitem hoverone view da-thumbs preloaderview fltr3373\"><div class=\"iehand\"><a onclick=\"easyActiveStyleSheet('Light');return true;\" class=\"3373-4520 nofoobox\" rel=\"easymedia[showall]\" href=\"https:\/\/fillariavaruus.fi\/wp-content\/plugins\/easy-media-gallery-pro\/includes\/class\/timthumb.php?src=https:\/\/fillariavaruus.fi\/wp-content\/uploads\/2016\/11\/DSC_0675_rajattu-scaled.jpg&h=629&w=940&zc=1&q=100&a=c\"><img decoding=\"async\" src=\"https:\/\/fillariavaruus.fi\/wp-content\/plugins\/easy-media-gallery-pro\/includes\/images\/trans.png\" class=\"emglazy\" data-original=\"https:\/\/fillariavaruus.fi\/wp-content\/plugins\/easy-media-gallery-pro\/includes\/class\/timthumb.php?src=https:\/\/fillariavaruus.fi\/wp-content\/uploads\/2016\/11\/DSC_0675_rajattu-scaled.jpg&h=180&w=180&zc=1&q=100&a=c\" alt=\"DSC_0675_rajattu Scaled\" title=\"DSC_0675_rajattu Scaled\"\/><article class=\"da-animate da-slideFromRight\"><p class=\"emgfittext\">Helsingin kaupunkipy\u00f6r\u00e4<\/p><div class=\"forspan\"><span class=\"zoom\"><\/span><\/div><\/article><\/a><\/div><\/div><div style=\"width:180px; height:180px;\" class=\"easyitem hoverone view da-thumbs preloaderview fltr3373\"><div class=\"iehand\"><a onclick=\"easyActiveStyleSheet('Light');return true;\" class=\"3373-4628 nofoobox\" rel=\"easymedia[showall]\" href=\"https:\/\/fillariavaruus.fi\/wp-content\/plugins\/easy-media-gallery-pro\/includes\/class\/timthumb.php?src=https:\/\/fillariavaruus.fi\/wp-content\/uploads\/2017\/04\/IMG_3566-scaled.jpg&h=528&w=940&zc=1&q=100&a=c\"><img decoding=\"async\" src=\"https:\/\/fillariavaruus.fi\/wp-content\/plugins\/easy-media-gallery-pro\/includes\/images\/trans.png\" class=\"emglazy\" data-original=\"https:\/\/fillariavaruus.fi\/wp-content\/plugins\/easy-media-gallery-pro\/includes\/class\/timthumb.php?src=https:\/\/fillariavaruus.fi\/wp-content\/uploads\/2017\/04\/IMG_3566-scaled.jpg&h=180&w=180&zc=1&q=100&a=c\" alt=\"IMG_3566 Scaled\" title=\"IMG_3566 Scaled\"\/><article class=\"da-animate da-slideFromRight\"><p class=\"emgfittext\">Belgialainen vuokrapy\u00f6r\u00e4 2017<\/p><div class=\"forspan\"><span class=\"zoom\"><\/span><\/div><\/article><\/a><\/div><\/div><div style=\"width:180px; height:180px;\" class=\"easyitem hoverone view da-thumbs preloaderview fltr3373\"><div class=\"iehand\"><a onclick=\"easyActiveStyleSheet('Light');return true;\" class=\"3373-4634 nofoobox\" rel=\"easymedia[showall]\" href=\"https:\/\/fillariavaruus.fi\/wp-content\/plugins\/easy-media-gallery-pro\/includes\/class\/timthumb.php?src=https:\/\/fillariavaruus.fi\/wp-content\/uploads\/2017\/10\/IMG_4541_2000px.jpg&h=528&w=940&zc=1&q=100&a=c\"><img decoding=\"async\" src=\"https:\/\/fillariavaruus.fi\/wp-content\/plugins\/easy-media-gallery-pro\/includes\/images\/trans.png\" class=\"emglazy\" data-original=\"https:\/\/fillariavaruus.fi\/wp-content\/plugins\/easy-media-gallery-pro\/includes\/class\/timthumb.php?src=https:\/\/fillariavaruus.fi\/wp-content\/uploads\/2017\/10\/IMG_4541_2000px.jpg&h=180&w=180&zc=1&q=100&a=c\" alt=\"IMG_4541_2000px\" title=\"IMG_4541_2000px\"\/><article class=\"da-animate da-slideFromRight\"><p class=\"emgfittext\">Lainapy\u00f6r\u00e4 Wien 2017<\/p><div class=\"forspan\"><span class=\"zoom\"><\/span><\/div><\/article><\/a><\/div><\/div>\r\n\t\t\t\t\t\t<div style=\"width:180px; height:180px;\" class=\"easyitem hoverone view da-thumbs preloaderview fltr3379\"><div class=\"iehand\"><a onclick=\"easyActiveStyleSheet('Light');return true;\" class=\"3379-3364 nofoobox\" rel=\"easymedia[showall]\" href=\"https:\/\/fillariavaruus.fi\/wp-content\/uploads\/2013\/12\/15062011ahtari.jpg\"><img decoding=\"async\" src=\"https:\/\/fillariavaruus.fi\/wp-content\/plugins\/easy-media-gallery-pro\/includes\/images\/trans.png\" class=\"emglazy\" data-original=\"https:\/\/fillariavaruus.fi\/wp-content\/plugins\/easy-media-gallery-pro\/includes\/class\/timthumb.php?src=https:\/\/fillariavaruus.fi\/wp-content\/uploads\/2013\/12\/15062011ahtari.jpg&h=180&w=180&zc=1&q=100&a=c\" alt=\"15062011ahtari\" title=\"15062011ahtari\"\/><article class=\"da-animate da-slideFromRight\"><p class=\"emgfittext\">Uusi Radon taukopaikalla<\/p><div class=\"forspan\"><span class=\"zoom\"><\/span><\/div><\/article><\/a><\/div><\/div><div style=\"width:180px; height:180px;\" class=\"easyitem hoverone view da-thumbs preloaderview fltr3379\"><div class=\"iehand\"><a onclick=\"easyActiveStyleSheet('Light');return true;\" class=\"3379-3361 nofoobox\" rel=\"easymedia[showall]\" href=\"https:\/\/fillariavaruus.fi\/wp-content\/uploads\/2013\/12\/17072008lehtimaki.jpg\"><img decoding=\"async\" src=\"https:\/\/fillariavaruus.fi\/wp-content\/plugins\/easy-media-gallery-pro\/includes\/images\/trans.png\" class=\"emglazy\" data-original=\"https:\/\/fillariavaruus.fi\/wp-content\/plugins\/easy-media-gallery-pro\/includes\/class\/timthumb.php?src=https:\/\/fillariavaruus.fi\/wp-content\/uploads\/2013\/12\/17072008lehtimaki.jpg&h=180&w=180&zc=1&q=100&a=c\" alt=\"17072008lehtimaki\" title=\"17072008lehtimaki\"\/><article class=\"da-animate da-slideFromRight\"><p class=\"emgfittext\">Hy\u00f6typy\u00f6r\u00e4ily\u00e4 Jyv\u00e4skyl\u00e4st\u00e4 Pohjanmaalle<\/p><div class=\"forspan\"><span class=\"zoom\"><\/span><\/div><\/article><\/a><\/div><\/div><div style=\"width:180px; height:180px;\" class=\"easyitem hoverone view da-thumbs preloaderview fltr3379\"><div class=\"iehand\"><a onclick=\"easyActiveStyleSheet('Light');return true;\" class=\"3379-3366 nofoobox\" rel=\"easymedia[showall]\" href=\"https:\/\/fillariavaruus.fi\/wp-content\/uploads\/2013\/12\/03071992lehtimaelle.jpg\"><img decoding=\"async\" src=\"https:\/\/fillariavaruus.fi\/wp-content\/plugins\/easy-media-gallery-pro\/includes\/images\/trans.png\" class=\"emglazy\" data-original=\"https:\/\/fillariavaruus.fi\/wp-content\/plugins\/easy-media-gallery-pro\/includes\/class\/timthumb.php?src=https:\/\/fillariavaruus.fi\/wp-content\/uploads\/2013\/12\/03071992lehtimaelle.jpg&h=180&w=180&zc=1&q=100&a=c\" alt=\"03071992lehtimaelle\" title=\"03071992lehtimaelle\"\/><article class=\"da-animate da-slideFromRight\"><p class=\"emgfittext\">Ensimm\u00e4inen Nishiki-retkipy\u00f6r\u00e4<\/p><div class=\"forspan\"><span class=\"zoom\"><\/span><\/div><\/article><\/a><\/div><\/div><div style=\"width:180px; height:180px;\" class=\"easyitem hoverone view da-thumbs preloaderview fltr3379\"><div class=\"iehand\"><a onclick=\"easyActiveStyleSheet('Light');return true;\" class=\"3379-7311 nofoobox\" rel=\"easymedia[showall]\" href=\"https:\/\/fillariavaruus.fi\/wp-content\/plugins\/easy-media-gallery-pro\/includes\/class\/timthumb.php?src=https:\/\/fillariavaruus.fi\/wp-content\/uploads\/20201020_145740_rajattu-scaled.jpg&h=678&w=940&zc=1&q=100&a=c\"><img decoding=\"async\" src=\"https:\/\/fillariavaruus.fi\/wp-content\/plugins\/easy-media-gallery-pro\/includes\/images\/trans.png\" class=\"emglazy\" data-original=\"https:\/\/fillariavaruus.fi\/wp-content\/plugins\/easy-media-gallery-pro\/includes\/class\/timthumb.php?src=https:\/\/fillariavaruus.fi\/wp-content\/uploads\/20201020_145740_rajattu-scaled.jpg&h=180&w=180&zc=1&q=100&a=c\" alt=\"20201020_145740_rajattu Scaled\" title=\"20201020_145740_rajattu Scaled\"\/><article class=\"da-animate da-slideFromRight\"><p class=\"emgfittext\">Maastossa seikkailemassa<\/p><div class=\"forspan\"><span class=\"zoom\"><\/span><\/div><\/article><\/a><\/div><\/div>\r\n\t\t\t\t\t\t<div style=\"clear:both;\"><\/div><\/div><\/div><style type=\"text\/css\">\n.pagwrap-ysjhrw.preloaderview {min-width: 90px;min-height: 90px;}\n<\/style>\n<script type=\"text\/javascript\">\njQuery(document).ready(function($) {var $container = $('.easycontainer-ysjhrw');var $win = $(window);$container.emgisotope({itemSelector: '.easyitem',filter: '.fltr3373',transformsEnabled: true,onLayout: function() {$win.trigger(\"scroll\");}});var $optionSets = $('.isofilcont-ysjhrw .emgoption-set'),$optionLinks = $optionSets.find('li');$optionLinks.click(function() {var $this = $(this);if ($this.hasClass('selected')) {return false;}\nvar $optionSet = $this.parents('.emgoption-set');$optionSet.find('.selected').removeClass('selected');$this.addClass('selected');var options = {},key = $optionSet.attr('data-option-key'),value = $this.attr('data-option-value');value = value === 'false' ? false : value;options[key] = value;if (key === 'layoutMode') {if (typeof changeLayoutMode === 'function') {changeLayoutMode($this, options)}} else {$container.emgisotope(options);}\nreturn false;});jQuery(\".pagwrap-ysjhrw .emglazy\").lazy({attribute: \"data-original\",effect: \"fadeIn\",visibleOnly: true,enableThrottle: true,throttle: 250,effectTime: 900,threshold: 100,afterLoad: function(element) {element.after(jQuery(element).readyLoad({elementId: \"ysjhrw\",isPagination: '',isLazyload: 1,imageCount: \"\"}));}});jQuery(\".pagwrap-ysjhrw\").fadeIn(1000);jQuery(\"#isloaderfor-ysjhrw\").hide();try {jQuery(\".easycontainer-ysjhrw\").emgisotope('reLayout');} catch (e) {return true;}});<\/script><script id=\"emg-lb-script-ysjhrw\" type=\"text\/javascript\">\njQuery(document).ready(function() {jQuery( \".emgoption-set li\" ).click(function() {elmntsel = jQuery(this).attr(\"data-option-value\");if (elmntsel == \"*\") {jQuery(\".iehand a\").attr(\"rel\", \"easymedia[showall]\");} else {jQuery(\".\"+elmntsel.substring(1)+\" .iehand a\").attr(\"rel\", \"easymedia[\"+elmntsel+\"]\");}});});<\/script>\n","protected":false},"excerpt":{"rendered":"","protected":false},"author":3,"featured_media":0,"parent":0,"menu_order":0,"comment_status":"open","ping_status":"open","template":"","meta":{"ngg_post_thumbnail":0,"ocean_post_layout":"","ocean_both_sidebars_style":"","ocean_both_sidebars_content_width":0,"ocean_both_sidebars_sidebars_width":0,"ocean_sidebar":"0","ocean_second_sidebar":"0","ocean_disable_margins":"enable","ocean_add_body_class":"","ocean_shortcode_before_top_bar":"","ocean_shortcode_after_top_bar":"","ocean_shortcode_before_header":"","ocean_shortcode_after_header":"","ocean_has_shortcode":"","ocean_shortcode_after_title":"","ocean_shortcode_before_footer_widgets":"","ocean_shortcode_after_footer_widgets":"","ocean_shortcode_before_footer_bottom":"","ocean_shortcode_after_footer_bottom":"","ocean_display_top_bar":"default","ocean_display_header":"default","ocean_header_style":"","ocean_center_header_left_menu":"0","ocean_custom_header_template":"0","ocean_custom_logo":0,"ocean_custom_retina_logo":0,"ocean_custom_logo_max_width":0,"ocean_custom_logo_tablet_max_width":0,"ocean_custom_logo_mobile_max_width":0,"ocean_custom_logo_max_height":0,"ocean_custom_logo_tablet_max_height":0,"ocean_custom_logo_mobile_max_height":0,"ocean_header_custom_menu":"0","ocean_menu_typo_font_family":"0","ocean_menu_typo_font_subset":"","ocean_menu_typo_font_size":0,"ocean_menu_typo_font_size_tablet":0,"ocean_menu_typo_font_size_mobile":0,"ocean_menu_typo_font_size_unit":"px","ocean_menu_typo_font_weight":"","ocean_menu_typo_font_weight_tablet":"","ocean_menu_typo_font_weight_mobile":"","ocean_menu_typo_transform":"","ocean_menu_typo_transform_tablet":"","ocean_menu_typo_transform_mobile":"","ocean_menu_typo_line_height":0,"ocean_menu_typo_line_height_tablet":0,"ocean_menu_typo_line_height_mobile":0,"ocean_menu_typo_line_height_unit":"","ocean_menu_typo_spacing":0,"ocean_menu_typo_spacing_tablet":0,"ocean_menu_typo_spacing_mobile":0,"ocean_menu_typo_spacing_unit":"","ocean_menu_link_color":"","ocean_menu_link_color_hover":"","ocean_menu_link_color_active":"","ocean_menu_link_background":"","ocean_menu_link_hover_background":"","ocean_menu_link_active_background":"","ocean_menu_social_links_bg":"","ocean_menu_social_hover_links_bg":"","ocean_menu_social_links_color":"","ocean_menu_social_hover_links_color":"","ocean_disable_title":"default","ocean_disable_heading":"default","ocean_post_title":"","ocean_post_subheading":"","ocean_post_title_style":"","ocean_post_title_background_color":"","ocean_post_title_background":0,"ocean_post_title_bg_image_position":"","ocean_post_title_bg_image_attachment":"","ocean_post_title_bg_image_repeat":"","ocean_post_title_bg_image_size":"","ocean_post_title_height":0,"ocean_post_title_bg_overlay":0.5,"ocean_post_title_bg_overlay_color":"","ocean_disable_breadcrumbs":"default","ocean_breadcrumbs_color":"","ocean_breadcrumbs_separator_color":"","ocean_breadcrumbs_links_color":"","ocean_breadcrumbs_links_hover_color":"","ocean_display_footer_widgets":"default","ocean_display_footer_bottom":"default","ocean_custom_footer_template":"0","osp_disable_panel":"default","osh_disable_topbar_sticky":"default","osh_disable_header_sticky":"default","osh_sticky_header_style":"default","osh_sticky_header_effect":"","osh_custom_sticky_logo":0,"osh_custom_retina_sticky_logo":0,"osh_custom_sticky_logo_height":0,"osh_background_color":"","osh_links_color":"","osh_links_hover_color":"","osh_links_active_color":"","osh_links_bg_color":"","osh_links_hover_bg_color":"","osh_links_active_bg_color":"","osh_menu_social_links_color":"","osh_menu_social_hover_links_color":"","footnotes":""},"class_list":["post-3903","page","type-page","status-publish","hentry","entry"],"_links":{"self":[{"href":"https:\/\/fillariavaruus.fi\/index.php?rest_route=\/wp\/v2\/pages\/3903","targetHints":{"allow":["GET"]}}],"collection":[{"href":"https:\/\/fillariavaruus.fi\/index.php?rest_route=\/wp\/v2\/pages"}],"about":[{"href":"https:\/\/fillariavaruus.fi\/index.php?rest_route=\/wp\/v2\/types\/page"}],"author":[{"embeddable":true,"href":"https:\/\/fillariavaruus.fi\/index.php?rest_route=\/wp\/v2\/users\/3"}],"replies":[{"embeddable":true,"href":"https:\/\/fillariavaruus.fi\/index.php?rest_route=%2Fwp%2Fv2%2Fcomments&post=3903"}],"version-history":[{"count":44,"href":"https:\/\/fillariavaruus.fi\/index.php?rest_route=\/wp\/v2\/pages\/3903\/revisions"}],"predecessor-version":[{"id":6224,"href":"https:\/\/fillariavaruus.fi\/index.php?rest_route=\/wp\/v2\/pages\/3903\/revisions\/6224"}],"wp:attachment":[{"href":"https:\/\/fillariavaruus.fi\/index.php?rest_route=%2Fwp%2Fv2%2Fmedia&parent=3903"}],"curies":[{"name":"wp","href":"https:\/\/api.w.org\/{rel}","templated":true}]}}